{"id":18306,"date":"2023-03-31T09:51:18","date_gmt":"2023-03-31T08:51:18","guid":{"rendered":"https:\/\/www.miamipremierpadel.com\/?page_id=18306"},"modified":"2026-02-09T14:45:24","modified_gmt":"2026-02-09T13:45:24","slug":"volunteers","status":"publish","type":"page","link":"https:\/\/www.miamipremierpadel.com\/es\/volunteers\/","title":{"rendered":"Volunteers"},"content":{"rendered":"<h3>\u00daNETE A LA CAMPA\u00d1A, \u00a1FORMA PARTE DEL EVENTO!<\/h3>\n<p style=\"text-align: left;\">\u00a1\u00danete al coraz\u00f3n de la acci\u00f3n y participa como voluntario en el evento<strong>\u00a0<\/strong><strong>Miami Premier Padel P1!<br \/>\n<\/strong>Las inscripciones est\u00e1n abiertas, \u00a1participa como pieza clave y \u00fanete a nuestro equipo para hacer de este evento un \u00e9xito inolvidable!<br \/>\n\u00a1Te esperamos!<br \/>\nPara m\u00e1s informaci\u00f3n <a href=\"mailto:volunteers@miamipremierpadel.com\">volunteers@miamipremierpadel.com<\/a><\/p>\n<h3 style=\"text-align: left; margin-top: 1em;\">RELLENE EL FORMULARIO<\/h3>\n<p style=\"text-align: left;\">Volunteers &#8211;\u00a0 Miami Premier Padel P1<\/p>\n<p style=\"text-align: left;\"><strong>Fecha<\/strong>: Del 23 al 29 de marzo de 2026<br \/>\n<strong>Lugar de celebraci\u00f3n<\/strong>: Miami<br \/>\n<strong>Localizaci\u00f3n<\/strong>: 1901 Convention Center Dr, Miami Beach, FL 33139 \u2013 USA<br \/>\n<strong>Ventajas<\/strong>: Uniforme oficial de voluntario<br \/>\nAgua y comida incluida para cada d\u00eda<br \/>\n<strong>Requisitos<\/strong>: Mayor\u00eda de edad (18+)<\/p>\n<p style=\"text-align: left;\"><div class=\"wpforms-container wpforms-container-full wpf-center wpforms-render-modern\" id=\"wpforms-12190\"><form id=\"wpforms-form-12190\" class=\"wpforms-validate wpforms-form wpforms-ajax-form\" data-formid=\"12190\" method=\"post\" enctype=\"multipart\/form-data\" action=\"\/es\/wp-json\/wp\/v2\/pages\/18306\" data-token=\"c0e20649d3700b1a7fb7fd50a9b09853\" data-token-time=\"1775259377\"><noscript class=\"wpforms-error-noscript\">Por favor, activa JavaScript en tu navegador para completar este formulario.<\/noscript><div class=\"wpforms-hidden\" id=\"wpforms-error-noscript\">Por favor, activa JavaScript en tu navegador para completar este formulario.<\/div><div class=\"wpforms-field-container\"><div id=\"wpforms-12190-field_33-container\" class=\"wpforms-field wpforms-field-name\" data-field-id=\"33\"><fieldset><legend class=\"wpforms-field-label\">Nombre <span class=\"wpforms-required-label\" aria-hidden=\"true\">*<\/span><\/legend><div class=\"wpforms-field-row wpforms-field-large\"><div class=\"wpforms-field-row-block wpforms-first wpforms-one-half\"><input type=\"text\" id=\"wpforms-12190-field_33\" class=\"wpforms-field-name-first wpforms-field-required\" name=\"wpforms[fields][33][first]\" aria-errormessage=\"wpforms-12190-field_33-error\" required><label for=\"wpforms-12190-field_33\" class=\"wpforms-field-sublabel after\">Nombre<\/label><\/div><div class=\"wpforms-field-row-block wpforms-one-half\"><input type=\"text\" id=\"wpforms-12190-field_33-last\" class=\"wpforms-field-name-last wpforms-field-required\" name=\"wpforms[fields][33][last]\" aria-errormessage=\"wpforms-12190-field_33-last-error\" required><label for=\"wpforms-12190-field_33-last\" class=\"wpforms-field-sublabel after\">Apellido<\/label><\/div><\/div><\/fieldset><\/div><div id=\"wpforms-12190-field_58-container\" class=\"wpforms-field wpforms-field-layout\" data-field-id=\"58\"><div class=\"wpforms-field-layout-rows wpforms-field-large\"><div class=\"wpforms-layout-row\"><div class=\"wpforms-layout-column wpforms-layout-column-50\"><div id=\"wpforms-12190-field_54-container\" class=\"wpforms-field wpforms-field-date-time\" data-field-id=\"54\"><label class=\"wpforms-field-label\" for=\"wpforms-12190-field_54\">Fecha de nacimiento <span class=\"wpforms-required-label\" aria-hidden=\"true\">*<\/span><\/label><div class=\"wpforms-datepicker-wrap\"><input type=\"text\" id=\"wpforms-12190-field_54\" class=\"wpforms-field-date-time-date wpforms-datepicker wpforms-field-required wpforms-field-medium\" data-date-format=\"d\/m\/Y\" data-disable-past-dates=\"0\" data-input=\"true\" name=\"wpforms[fields][54][date]\" aria-errormessage=\"wpforms-12190-field_54-error\" required><a title=\"Clear Date\" data-clear class=\"wpforms-datepicker-clear\" style=\"display:none;\"><\/a><\/div><\/div><\/div><div class=\"wpforms-layout-column wpforms-layout-column-50\"><div id=\"wpforms-12190-field_38-container\" class=\"wpforms-field wpforms-field-text\" data-field-id=\"38\"><label class=\"wpforms-field-label\" for=\"wpforms-12190-field_38\">Ciudades <span class=\"wpforms-required-label\" aria-hidden=\"true\">*<\/span><\/label><input type=\"text\" id=\"wpforms-12190-field_38\" class=\"wpforms-field-large wpforms-field-required\" name=\"wpforms[fields][38]\" aria-errormessage=\"wpforms-12190-field_38-error\" required><\/div><\/div><\/div><div class=\"wpforms-layout-row\"><div class=\"wpforms-layout-column wpforms-layout-column-50\"><div id=\"wpforms-12190-field_39-container\" class=\"wpforms-field wpforms-field-text\" data-field-id=\"39\"><label class=\"wpforms-field-label\" for=\"wpforms-12190-field_39\">Direcci\u00f3n <span class=\"wpforms-required-label\" aria-hidden=\"true\">*<\/span><\/label><input type=\"text\" id=\"wpforms-12190-field_39\" class=\"wpforms-field-large wpforms-field-required\" name=\"wpforms[fields][39]\" aria-errormessage=\"wpforms-12190-field_39-error\" required><\/div><\/div><div class=\"wpforms-layout-column wpforms-layout-column-50\"><div id=\"wpforms-12190-field_40-container\" class=\"wpforms-field wpforms-field-email\" data-field-id=\"40\"><label class=\"wpforms-field-label\" for=\"wpforms-12190-field_40\">Correo electr\u00f3nico <span class=\"wpforms-required-label\" aria-hidden=\"true\">*<\/span><\/label><input type=\"email\" id=\"wpforms-12190-field_40\" class=\"wpforms-field-large wpforms-field-required\" name=\"wpforms[fields][40]\" spellcheck=\"false\" aria-errormessage=\"wpforms-12190-field_40-error\" required><\/div><\/div><\/div><div class=\"wpforms-layout-row\"><div class=\"wpforms-layout-column wpforms-layout-column-50\"><div id=\"wpforms-12190-field_41-container\" class=\"wpforms-field wpforms-field-phone\" data-field-id=\"41\"><label class=\"wpforms-field-label\" for=\"wpforms-12190-field_41\">Tel\u00e9fono <span class=\"wpforms-required-label\" aria-hidden=\"true\">*<\/span><\/label><input type=\"tel\" id=\"wpforms-12190-field_41\" class=\"wpforms-field-large wpforms-field-required wpforms-smart-phone-field\" data-rule-smart-phone-field=\"true\" name=\"wpforms[fields][41]\" aria-label=\"Tel\u00e9fono\" aria-errormessage=\"wpforms-12190-field_41-error\" required><\/div><\/div><div class=\"wpforms-layout-column wpforms-layout-column-50\"><div id=\"wpforms-12190-field_42-container\" class=\"wpforms-field wpforms-field-text\" data-field-id=\"42\"><label class=\"wpforms-field-label\" for=\"wpforms-12190-field_42\">Deporte practicado  <span class=\"wpforms-required-label\" aria-hidden=\"true\">*<\/span><\/label><input type=\"text\" id=\"wpforms-12190-field_42\" class=\"wpforms-field-large wpforms-field-required\" name=\"wpforms[fields][42]\" aria-errormessage=\"wpforms-12190-field_42-error\" required><\/div><\/div><\/div><div class=\"wpforms-layout-row\"><div class=\"wpforms-layout-column wpforms-layout-column-50\"><div id=\"wpforms-12190-field_57-container\" class=\"wpforms-field wpforms-field-checkbox wpforms-list-inline\" data-field-id=\"57\"><fieldset><legend class=\"wpforms-field-label\">Lengua hablada <span class=\"wpforms-required-label\" aria-hidden=\"true\">*<\/span><\/legend><ul id=\"wpforms-12190-field_57\" class=\"wpforms-field-required\"><li class=\"choice-1 depth-1\"><input type=\"checkbox\" id=\"wpforms-12190-field_57_1\" name=\"wpforms[fields][57][]\" value=\"Italiano\" aria-errormessage=\"wpforms-12190-field_57_1-error\" required ><label class=\"wpforms-field-label-inline\" for=\"wpforms-12190-field_57_1\">Italiano<\/label><\/li><li class=\"choice-2 depth-1\"><input type=\"checkbox\" id=\"wpforms-12190-field_57_2\" name=\"wpforms[fields][57][]\" value=\"Ingl\u00e9s\" aria-errormessage=\"wpforms-12190-field_57_2-error\" required ><label class=\"wpforms-field-label-inline\" for=\"wpforms-12190-field_57_2\">Ingl\u00e9s<\/label><\/li><li class=\"choice-3 depth-1\"><input type=\"checkbox\" id=\"wpforms-12190-field_57_3\" name=\"wpforms[fields][57][]\" value=\"Espa\u00f1ol\" aria-errormessage=\"wpforms-12190-field_57_3-error\" required ><label class=\"wpforms-field-label-inline\" for=\"wpforms-12190-field_57_3\">Espa\u00f1ol<\/label><\/li><li class=\"choice-4 depth-1\"><input type=\"checkbox\" id=\"wpforms-12190-field_57_4\" name=\"wpforms[fields][57][]\" value=\"M\u00e1s\" aria-errormessage=\"wpforms-12190-field_57_4-error\" required ><label class=\"wpforms-field-label-inline\" for=\"wpforms-12190-field_57_4\">M\u00e1s<\/label><\/li><\/ul><\/fieldset><\/div><\/div><div class=\"wpforms-layout-column wpforms-layout-column-50\"><div id=\"wpforms-12190-field_55-container\" class=\"wpforms-field wpforms-field-checkbox wpforms-list-inline\" data-field-id=\"55\"><fieldset><legend class=\"wpforms-field-label\">Horario <span class=\"wpforms-required-label\" aria-hidden=\"true\">*<\/span><\/legend><ul id=\"wpforms-12190-field_55\" class=\"wpforms-field-required\"><li class=\"choice-11 depth-1\"><input type=\"checkbox\" id=\"wpforms-12190-field_55_11\" name=\"wpforms[fields][55][]\" value=\"Durante el d\u00eda\" aria-errormessage=\"wpforms-12190-field_55_11-error\" required ><label class=\"wpforms-field-label-inline\" for=\"wpforms-12190-field_55_11\">Durante el d\u00eda<\/label><\/li><li class=\"choice-13 depth-1\"><input type=\"checkbox\" id=\"wpforms-12190-field_55_13\" name=\"wpforms[fields][55][]\" value=\"Por la noche\" aria-errormessage=\"wpforms-12190-field_55_13-error\" required ><label class=\"wpforms-field-label-inline\" for=\"wpforms-12190-field_55_13\">Por la noche<\/label><\/li><\/ul><\/fieldset><\/div><\/div><\/div><\/div><\/div><div id=\"wpforms-12190-field_43-container\" class=\"wpforms-field wpforms-field-checkbox wpforms-list-inline\" data-field-id=\"43\"><fieldset><legend class=\"wpforms-field-label\">Disponibilidad <span class=\"wpforms-required-label\" aria-hidden=\"true\">*<\/span><\/legend><ul id=\"wpforms-12190-field_43\" class=\"wpforms-field-required\"><li class=\"choice-15 depth-1\"><input type=\"checkbox\" id=\"wpforms-12190-field_43_15\" name=\"wpforms[fields][43][]\" value=\"23 Marzo\" aria-errormessage=\"wpforms-12190-field_43_15-error\" required ><label class=\"wpforms-field-label-inline\" for=\"wpforms-12190-field_43_15\">23 Marzo<\/label><\/li><li class=\"choice-21 depth-1\"><input type=\"checkbox\" id=\"wpforms-12190-field_43_21\" name=\"wpforms[fields][43][]\" value=\"24 Marzo\" aria-errormessage=\"wpforms-12190-field_43_21-error\" required ><label class=\"wpforms-field-label-inline\" for=\"wpforms-12190-field_43_21\">24 Marzo<\/label><\/li><li class=\"choice-20 depth-1\"><input type=\"checkbox\" id=\"wpforms-12190-field_43_20\" name=\"wpforms[fields][43][]\" value=\"25 Marzo\" aria-errormessage=\"wpforms-12190-field_43_20-error\" required ><label class=\"wpforms-field-label-inline\" for=\"wpforms-12190-field_43_20\">25 Marzo<\/label><\/li><li class=\"choice-19 depth-1\"><input type=\"checkbox\" id=\"wpforms-12190-field_43_19\" name=\"wpforms[fields][43][]\" value=\"26 Marzo\" aria-errormessage=\"wpforms-12190-field_43_19-error\" required ><label class=\"wpforms-field-label-inline\" for=\"wpforms-12190-field_43_19\">26 Marzo<\/label><\/li><li class=\"choice-18 depth-1\"><input type=\"checkbox\" id=\"wpforms-12190-field_43_18\" name=\"wpforms[fields][43][]\" value=\"27 Marzo\" aria-errormessage=\"wpforms-12190-field_43_18-error\" required ><label class=\"wpforms-field-label-inline\" for=\"wpforms-12190-field_43_18\">27 Marzo<\/label><\/li><li class=\"choice-17 depth-1\"><input type=\"checkbox\" id=\"wpforms-12190-field_43_17\" name=\"wpforms[fields][43][]\" value=\"28 Marzo\" aria-errormessage=\"wpforms-12190-field_43_17-error\" required ><label class=\"wpforms-field-label-inline\" for=\"wpforms-12190-field_43_17\">28 Marzo<\/label><\/li><li class=\"choice-16 depth-1\"><input type=\"checkbox\" id=\"wpforms-12190-field_43_16\" name=\"wpforms[fields][43][]\" value=\"29 Marzo\" aria-errormessage=\"wpforms-12190-field_43_16-error\" required ><label class=\"wpforms-field-label-inline\" for=\"wpforms-12190-field_43_16\">29 Marzo<\/label><\/li><li class=\"choice-5 depth-1\"><input type=\"checkbox\" id=\"wpforms-12190-field_43_5\" name=\"wpforms[fields][43][]\" value=\"Todo el periodo\" aria-errormessage=\"wpforms-12190-field_43_5-error\" required ><label class=\"wpforms-field-label-inline\" for=\"wpforms-12190-field_43_5\">Todo el periodo<\/label><\/li><\/ul><\/fieldset><\/div><\/div><!-- .wpforms-field-container --><div class=\"wpforms-submit-container\" ><input type=\"hidden\" name=\"wpforms[id]\" value=\"12190\"><input type=\"hidden\" name=\"page_title\" value=\"\"><input type=\"hidden\" name=\"page_url\" value=\"https:\/\/www.miamipremierpadel.com\/es\/wp-json\/wp\/v2\/pages\/18306\"><button type=\"submit\" name=\"wpforms[submit]\" id=\"wpforms-submit-12190\" class=\"wpforms-submit\" data-alt-text=\"Enviando...\" data-submit-text=\"Enviar\" aria-live=\"assertive\" value=\"wpforms-submit\">Enviar<\/button><img decoding=\"async\" src=\"https:\/\/www.miamipremierpadel.com\/wp-content\/plugins\/wpforms\/assets\/images\/submit-spin.svg\" class=\"wpforms-submit-spinner\" style=\"display: none;\" width=\"26\" height=\"26\" alt=\"Cargando\"><\/div><\/form><\/div>  <!-- .wpforms-container --><\/p>\n","protected":false},"excerpt":{"rendered":"<p>\u00daNETE A LA CAMPA\u00d1A, \u00a1FORMA PARTE DEL EVENTO! \u00a1\u00danete al coraz\u00f3n de la acci\u00f3n y participa como voluntario en el evento\u00a0Miami Premier Padel P1! Las inscripciones est\u00e1n abiertas, \u00a1participa como pieza clave y \u00fanete a nuestro equipo para hacer de este evento un \u00e9xito inolvidable! \u00a1Te esperamos! Para m\u00e1s informaci\u00f3n volunteers@miamipremierpadel.com RELLENE EL FORMULARIO Volunteers [&hellip;]<\/p>\n","protected":false},"author":2,"featured_media":0,"parent":0,"menu_order":0,"comment_status":"closed","ping_status":"closed","template":"tmp-generic.php","meta":{"_acf_changed":false,"footnotes":""},"class_list":["post-18306","page","type-page","status-publish","hentry"],"acf":{"gallery":""},"yoast_head":"<!-- This site is optimized with the Yoast SEO plugin v24.5 - https:\/\/yoast.com\/wordpress\/plugins\/seo\/ -->\n<title>Volunteers - Miami Premier Padel P1<\/title>\n<meta name=\"robots\" content=\"index, follow, max-snippet:-1, max-image-preview:large, max-video-preview:-1\" \/>\n<link rel=\"canonical\" href=\"https:\/\/www.miamipremierpadel.com\/es\/volunteers\/\" \/>\n<meta property=\"og:locale\" content=\"es_ES\" \/>\n<meta property=\"og:type\" content=\"article\" \/>\n<meta property=\"og:title\" content=\"Volunteers - Miami Premier Padel P1\" \/>\n<meta property=\"og:description\" content=\"\u00daNETE A LA CAMPA\u00d1A, \u00a1FORMA PARTE DEL EVENTO! \u00a1\u00danete al coraz\u00f3n de la acci\u00f3n y participa como voluntario en el evento\u00a0Miami Premier Padel P1! Las inscripciones est\u00e1n abiertas, \u00a1participa como pieza clave y \u00fanete a nuestro equipo para hacer de este evento un \u00e9xito inolvidable! \u00a1Te esperamos! Para m\u00e1s informaci\u00f3n volunteers@miamipremierpadel.com RELLENE EL FORMULARIO Volunteers [&hellip;]\" \/>\n<meta property=\"og:url\" content=\"https:\/\/www.miamipremierpadel.com\/es\/volunteers\/\" \/>\n<meta property=\"og:site_name\" content=\"Miami Premier Padel P1\" \/>\n<meta property=\"article:modified_time\" content=\"2026-02-09T13:45:24+00:00\" \/>\n<meta name=\"twitter:card\" content=\"summary_large_image\" \/>\n<meta name=\"twitter:label1\" content=\"Tiempo de lectura\" \/>\n\t<meta name=\"twitter:data1\" content=\"1 minuto\" \/>\n<script type=\"application\/ld+json\" class=\"yoast-schema-graph\">{\"@context\":\"https:\/\/schema.org\",\"@graph\":[{\"@type\":\"WebPage\",\"@id\":\"https:\/\/www.miamipremierpadel.com\/es\/volunteers\/\",\"url\":\"https:\/\/www.miamipremierpadel.com\/es\/volunteers\/\",\"name\":\"Volunteers - Miami Premier Padel P1\",\"isPartOf\":{\"@id\":\"https:\/\/www.miamipremierpadel.com\/#website\"},\"datePublished\":\"2023-03-31T08:51:18+00:00\",\"dateModified\":\"2026-02-09T13:45:24+00:00\",\"breadcrumb\":{\"@id\":\"https:\/\/www.miamipremierpadel.com\/es\/volunteers\/#breadcrumb\"},\"inLanguage\":\"es\",\"potentialAction\":[{\"@type\":\"ReadAction\",\"target\":[\"https:\/\/www.miamipremierpadel.com\/es\/volunteers\/\"]}]},{\"@type\":\"BreadcrumbList\",\"@id\":\"https:\/\/www.miamipremierpadel.com\/es\/volunteers\/#breadcrumb\",\"itemListElement\":[{\"@type\":\"ListItem\",\"position\":1,\"name\":\"Home\",\"item\":\"https:\/\/www.miamipremierpadel.com\/es\/\"},{\"@type\":\"ListItem\",\"position\":2,\"name\":\"Volunteers\"}]},{\"@type\":\"WebSite\",\"@id\":\"https:\/\/www.miamipremierpadel.com\/#website\",\"url\":\"https:\/\/www.miamipremierpadel.com\/\",\"name\":\"Miami Premier Padel P1\",\"description\":\"\",\"publisher\":{\"@id\":\"https:\/\/www.miamipremierpadel.com\/#organization\"},\"potentialAction\":[{\"@type\":\"SearchAction\",\"target\":{\"@type\":\"EntryPoint\",\"urlTemplate\":\"https:\/\/www.miamipremierpadel.com\/?s={search_term_string}\"},\"query-input\":{\"@type\":\"PropertyValueSpecification\",\"valueRequired\":true,\"valueName\":\"search_term_string\"}}],\"inLanguage\":\"es\"},{\"@type\":\"Organization\",\"@id\":\"https:\/\/www.miamipremierpadel.com\/#organization\",\"name\":\"Miami Premier Padel P1\",\"url\":\"https:\/\/www.miamipremierpadel.com\/\",\"logo\":{\"@type\":\"ImageObject\",\"inLanguage\":\"es\",\"@id\":\"https:\/\/www.miamipremierpadel.com\/#\/schema\/logo\/image\/\",\"url\":\"https:\/\/www.miamipremierpadel.com\/wp-content\/uploads\/2026\/02\/Logo_MIAMIPP1.svg\",\"contentUrl\":\"https:\/\/www.miamipremierpadel.com\/wp-content\/uploads\/2026\/02\/Logo_MIAMIPP1.svg\",\"caption\":\"Miami Premier Padel P1\"},\"image\":{\"@id\":\"https:\/\/www.miamipremierpadel.com\/#\/schema\/logo\/image\/\"}}]}<\/script>\n<!-- \/ Yoast SEO plugin. -->","yoast_head_json":{"title":"Volunteers - Miami Premier Padel P1","robots":{"index":"index","follow":"follow","max-snippet":"max-snippet:-1","max-image-preview":"max-image-preview:large","max-video-preview":"max-video-preview:-1"},"canonical":"https:\/\/www.miamipremierpadel.com\/es\/volunteers\/","og_locale":"es_ES","og_type":"article","og_title":"Volunteers - Miami Premier Padel P1","og_description":"\u00daNETE A LA CAMPA\u00d1A, \u00a1FORMA PARTE DEL EVENTO! \u00a1\u00danete al coraz\u00f3n de la acci\u00f3n y participa como voluntario en el evento\u00a0Miami Premier Padel P1! Las inscripciones est\u00e1n abiertas, \u00a1participa como pieza clave y \u00fanete a nuestro equipo para hacer de este evento un \u00e9xito inolvidable! \u00a1Te esperamos! Para m\u00e1s informaci\u00f3n volunteers@miamipremierpadel.com RELLENE EL FORMULARIO Volunteers [&hellip;]","og_url":"https:\/\/www.miamipremierpadel.com\/es\/volunteers\/","og_site_name":"Miami Premier Padel P1","article_modified_time":"2026-02-09T13:45:24+00:00","twitter_card":"summary_large_image","twitter_misc":{"Tiempo de lectura":"1 minuto"},"schema":{"@context":"https:\/\/schema.org","@graph":[{"@type":"WebPage","@id":"https:\/\/www.miamipremierpadel.com\/es\/volunteers\/","url":"https:\/\/www.miamipremierpadel.com\/es\/volunteers\/","name":"Volunteers - Miami Premier Padel P1","isPartOf":{"@id":"https:\/\/www.miamipremierpadel.com\/#website"},"datePublished":"2023-03-31T08:51:18+00:00","dateModified":"2026-02-09T13:45:24+00:00","breadcrumb":{"@id":"https:\/\/www.miamipremierpadel.com\/es\/volunteers\/#breadcrumb"},"inLanguage":"es","potentialAction":[{"@type":"ReadAction","target":["https:\/\/www.miamipremierpadel.com\/es\/volunteers\/"]}]},{"@type":"BreadcrumbList","@id":"https:\/\/www.miamipremierpadel.com\/es\/volunteers\/#breadcrumb","itemListElement":[{"@type":"ListItem","position":1,"name":"Home","item":"https:\/\/www.miamipremierpadel.com\/es\/"},{"@type":"ListItem","position":2,"name":"Volunteers"}]},{"@type":"WebSite","@id":"https:\/\/www.miamipremierpadel.com\/#website","url":"https:\/\/www.miamipremierpadel.com\/","name":"Miami Premier Padel P1","description":"","publisher":{"@id":"https:\/\/www.miamipremierpadel.com\/#organization"},"potentialAction":[{"@type":"SearchAction","target":{"@type":"EntryPoint","urlTemplate":"https:\/\/www.miamipremierpadel.com\/?s={search_term_string}"},"query-input":{"@type":"PropertyValueSpecification","valueRequired":true,"valueName":"search_term_string"}}],"inLanguage":"es"},{"@type":"Organization","@id":"https:\/\/www.miamipremierpadel.com\/#organization","name":"Miami Premier Padel P1","url":"https:\/\/www.miamipremierpadel.com\/","logo":{"@type":"ImageObject","inLanguage":"es","@id":"https:\/\/www.miamipremierpadel.com\/#\/schema\/logo\/image\/","url":"https:\/\/www.miamipremierpadel.com\/wp-content\/uploads\/2026\/02\/Logo_MIAMIPP1.svg","contentUrl":"https:\/\/www.miamipremierpadel.com\/wp-content\/uploads\/2026\/02\/Logo_MIAMIPP1.svg","caption":"Miami Premier Padel P1"},"image":{"@id":"https:\/\/www.miamipremierpadel.com\/#\/schema\/logo\/image\/"}}]}},"_links":{"self":[{"href":"https:\/\/www.miamipremierpadel.com\/es\/wp-json\/wp\/v2\/pages\/18306","targetHints":{"allow":["GET"]}}],"collection":[{"href":"https:\/\/www.miamipremierpadel.com\/es\/wp-json\/wp\/v2\/pages"}],"about":[{"href":"https:\/\/www.miamipremierpadel.com\/es\/wp-json\/wp\/v2\/types\/page"}],"author":[{"embeddable":true,"href":"https:\/\/www.miamipremierpadel.com\/es\/wp-json\/wp\/v2\/users\/2"}],"replies":[{"embeddable":true,"href":"https:\/\/www.miamipremierpadel.com\/es\/wp-json\/wp\/v2\/comments?post=18306"}],"version-history":[{"count":6,"href":"https:\/\/www.miamipremierpadel.com\/es\/wp-json\/wp\/v2\/pages\/18306\/revisions"}],"predecessor-version":[{"id":20206,"href":"https:\/\/www.miamipremierpadel.com\/es\/wp-json\/wp\/v2\/pages\/18306\/revisions\/20206"}],"wp:attachment":[{"href":"https:\/\/www.miamipremierpadel.com\/es\/wp-json\/wp\/v2\/media?parent=18306"}],"curies":[{"name":"wp","href":"https:\/\/api.w.org\/{rel}","templated":true}]}}