{"id":17785,"date":"2022-10-25T10:07:26","date_gmt":"2022-10-25T09:07:26","guid":{"rendered":"https:\/\/www.miamipremierpadel.com\/home\/"},"modified":"2026-02-13T14:52:34","modified_gmt":"2026-02-13T13:52:34","slug":"home","status":"publish","type":"page","link":"https:\/\/www.miamipremierpadel.com\/es\/","title":{"rendered":"Home"},"content":{"rendered":"","protected":false},"excerpt":{"rendered":"","protected":false},"author":2,"featured_media":20169,"parent":0,"menu_order":0,"comment_status":"closed","ping_status":"closed","template":"","meta":{"_acf_changed":false,"footnotes":""},"class_list":["post-17785","page","type-page","status-publish","has-post-thumbnail","hentry"],"acf":{"gallery":[20458,20536,20562,20498]},"yoast_head":"<!-- This site is optimized with the Yoast SEO plugin v24.5 - https:\/\/yoast.com\/wordpress\/plugins\/seo\/ -->\n<title>Miami Premier Padel P1 | 23 - 29 Marzo 2026<\/title>\n<meta name=\"description\" content=\"El mejor p\u00e1del profesional regresa a Estados Unidos por segunda edici\u00f3n exclusivamente con Premier Padel.El Miami Beach Convention Center (Miami, FL) acoger\u00e1 el segundo torneo en EE.UU. con Miami Premier Padel P1, que se celebrar\u00e1 del 23 al 29 de marzo de 2026.El calendario 2026 del Qatar Airways Premier Padel Tour promete una temporada emocionante, con 24 torneos en 16 pa\u00edses.El segundo evento de Premier Padel en Miami acercar\u00e1 el p\u00e1del profesional al p\u00fablico estadounidense, respaldado por el mejor jugador de p\u00e1del de todos los tiempos. Con partidos competitivos, precios de entradas accesibles y un ambiente exclusivo, din\u00e1mico y glamuroso, promete ser uno de los momentos destacados de la temporada mundial de p\u00e1del.\" \/>\n<meta name=\"robots\" content=\"index, follow, max-snippet:-1, max-image-preview:large, max-video-preview:-1\" \/>\n<link rel=\"canonical\" href=\"https:\/\/www.miamipremierpadel.com\/es\/\" \/>\n<meta property=\"og:locale\" content=\"es_ES\" \/>\n<meta property=\"og:type\" content=\"article\" \/>\n<meta property=\"og:title\" content=\"Miami Premier Padel P1 | 23 - 29 Marzo 2026\" \/>\n<meta property=\"og:description\" content=\"El mejor p\u00e1del profesional regresa a Estados Unidos por segunda edici\u00f3n exclusivamente con Premier Padel.El Miami Beach Convention Center (Miami, FL) acoger\u00e1 el segundo torneo en EE.UU. con Miami Premier Padel P1, que se celebrar\u00e1 del 23 al 29 de marzo de 2026.El calendario 2026 del Qatar Airways Premier Padel Tour promete una temporada emocionante, con 24 torneos en 16 pa\u00edses.El segundo evento de Premier Padel en Miami acercar\u00e1 el p\u00e1del profesional al p\u00fablico estadounidense, respaldado por el mejor jugador de p\u00e1del de todos los tiempos. Con partidos competitivos, precios de entradas accesibles y un ambiente exclusivo, din\u00e1mico y glamuroso, promete ser uno de los momentos destacados de la temporada mundial de p\u00e1del.\" \/>\n<meta property=\"og:url\" content=\"https:\/\/www.miamipremierpadel.com\/es\/\" \/>\n<meta property=\"og:site_name\" content=\"Miami Premier Padel P1\" \/>\n<meta property=\"article:modified_time\" content=\"2026-02-13T13:52:34+00:00\" \/>\n<meta property=\"og:image\" content=\"https:\/\/www.miamipremierpadel.com\/wp-content\/uploads\/2025\/02\/Locandina-1200x630-1-1.jpg\" \/>\n\t<meta property=\"og:image:width\" content=\"1200\" \/>\n\t<meta property=\"og:image:height\" content=\"630\" \/>\n\t<meta property=\"og:image:type\" content=\"image\/jpeg\" \/>\n<meta name=\"twitter:card\" content=\"summary_large_image\" \/>\n<meta name=\"twitter:label1\" content=\"Tiempo de lectura\" \/>\n\t<meta name=\"twitter:data1\" content=\"1 minuto\" \/>\n<script type=\"application\/ld+json\" class=\"yoast-schema-graph\">{\"@context\":\"https:\/\/schema.org\",\"@graph\":[{\"@type\":\"WebPage\",\"@id\":\"https:\/\/www.miamipremierpadel.com\/es\/\",\"url\":\"https:\/\/www.miamipremierpadel.com\/es\/\",\"name\":\"Miami Premier Padel P1 | 23 - 29 Marzo 2026\",\"isPartOf\":{\"@id\":\"https:\/\/www.miamipremierpadel.com\/#website\"},\"primaryImageOfPage\":{\"@id\":\"https:\/\/www.miamipremierpadel.com\/es\/#primaryimage\"},\"image\":{\"@id\":\"https:\/\/www.miamipremierpadel.com\/es\/#primaryimage\"},\"thumbnailUrl\":\"https:\/\/www.miamipremierpadel.com\/wp-content\/uploads\/2026\/02\/MIAMI-P1-2026_official-poster_rev-724x1024-1.webp\",\"datePublished\":\"2022-10-25T09:07:26+00:00\",\"dateModified\":\"2026-02-13T13:52:34+00:00\",\"description\":\"El mejor p\u00e1del profesional regresa a Estados Unidos por segunda edici\u00f3n exclusivamente con Premier Padel.El Miami Beach Convention Center (Miami, FL) acoger\u00e1 el segundo torneo en EE.UU. con Miami Premier Padel P1, que se celebrar\u00e1 del 23 al 29 de marzo de 2026.El calendario 2026 del Qatar Airways Premier Padel Tour promete una temporada emocionante, con 24 torneos en 16 pa\u00edses.El segundo evento de Premier Padel en Miami acercar\u00e1 el p\u00e1del profesional al p\u00fablico estadounidense, respaldado por el mejor jugador de p\u00e1del de todos los tiempos. Con partidos competitivos, precios de entradas accesibles y un ambiente exclusivo, din\u00e1mico y glamuroso, promete ser uno de los momentos destacados de la temporada mundial de p\u00e1del.\",\"breadcrumb\":{\"@id\":\"https:\/\/www.miamipremierpadel.com\/es\/#breadcrumb\"},\"inLanguage\":\"es\",\"potentialAction\":[{\"@type\":\"ReadAction\",\"target\":[\"https:\/\/www.miamipremierpadel.com\/es\/\"]}]},{\"@type\":\"ImageObject\",\"inLanguage\":\"es\",\"@id\":\"https:\/\/www.miamipremierpadel.com\/es\/#primaryimage\",\"url\":\"https:\/\/www.miamipremierpadel.com\/wp-content\/uploads\/2026\/02\/MIAMI-P1-2026_official-poster_rev-724x1024-1.webp\",\"contentUrl\":\"https:\/\/www.miamipremierpadel.com\/wp-content\/uploads\/2026\/02\/MIAMI-P1-2026_official-poster_rev-724x1024-1.webp\",\"width\":724,\"height\":1024},{\"@type\":\"BreadcrumbList\",\"@id\":\"https:\/\/www.miamipremierpadel.com\/es\/#breadcrumb\",\"itemListElement\":[{\"@type\":\"ListItem\",\"position\":1,\"name\":\"Home\",\"item\":\"https:\/\/www.miamipremierpadel.com\/es\/\"},{\"@type\":\"ListItem\",\"position\":2,\"name\":\"Home\"}]},{\"@type\":\"WebSite\",\"@id\":\"https:\/\/www.miamipremierpadel.com\/#website\",\"url\":\"https:\/\/www.miamipremierpadel.com\/\",\"name\":\"Miami Premier Padel P1\",\"description\":\"\",\"publisher\":{\"@id\":\"https:\/\/www.miamipremierpadel.com\/#organization\"},\"potentialAction\":[{\"@type\":\"SearchAction\",\"target\":{\"@type\":\"EntryPoint\",\"urlTemplate\":\"https:\/\/www.miamipremierpadel.com\/?s={search_term_string}\"},\"query-input\":{\"@type\":\"PropertyValueSpecification\",\"valueRequired\":true,\"valueName\":\"search_term_string\"}}],\"inLanguage\":\"es\"},{\"@type\":\"Organization\",\"@id\":\"https:\/\/www.miamipremierpadel.com\/#organization\",\"name\":\"Miami Premier Padel P1\",\"url\":\"https:\/\/www.miamipremierpadel.com\/\",\"logo\":{\"@type\":\"ImageObject\",\"inLanguage\":\"es\",\"@id\":\"https:\/\/www.miamipremierpadel.com\/#\/schema\/logo\/image\/\",\"url\":\"https:\/\/www.miamipremierpadel.com\/wp-content\/uploads\/2026\/02\/Logo_MIAMIPP1.svg\",\"contentUrl\":\"https:\/\/www.miamipremierpadel.com\/wp-content\/uploads\/2026\/02\/Logo_MIAMIPP1.svg\",\"caption\":\"Miami Premier Padel P1\"},\"image\":{\"@id\":\"https:\/\/www.miamipremierpadel.com\/#\/schema\/logo\/image\/\"}}]}<\/script>\n<!-- \/ Yoast SEO plugin. -->","yoast_head_json":{"title":"Miami Premier Padel P1 | 23 - 29 Marzo 2026","description":"El mejor p\u00e1del profesional regresa a Estados Unidos por segunda edici\u00f3n exclusivamente con Premier Padel.El Miami Beach Convention Center (Miami, FL) acoger\u00e1 el segundo torneo en EE.UU. con Miami Premier Padel P1, que se celebrar\u00e1 del 23 al 29 de marzo de 2026.El calendario 2026 del Qatar Airways Premier Padel Tour promete una temporada emocionante, con 24 torneos en 16 pa\u00edses.El segundo evento de Premier Padel en Miami acercar\u00e1 el p\u00e1del profesional al p\u00fablico estadounidense, respaldado por el mejor jugador de p\u00e1del de todos los tiempos. Con partidos competitivos, precios de entradas accesibles y un ambiente exclusivo, din\u00e1mico y glamuroso, promete ser uno de los momentos destacados de la temporada mundial de p\u00e1del.","robots":{"index":"index","follow":"follow","max-snippet":"max-snippet:-1","max-image-preview":"max-image-preview:large","max-video-preview":"max-video-preview:-1"},"canonical":"https:\/\/www.miamipremierpadel.com\/es\/","og_locale":"es_ES","og_type":"article","og_title":"Miami Premier Padel P1 | 23 - 29 Marzo 2026","og_description":"El mejor p\u00e1del profesional regresa a Estados Unidos por segunda edici\u00f3n exclusivamente con Premier Padel.El Miami Beach Convention Center (Miami, FL) acoger\u00e1 el segundo torneo en EE.UU. con Miami Premier Padel P1, que se celebrar\u00e1 del 23 al 29 de marzo de 2026.El calendario 2026 del Qatar Airways Premier Padel Tour promete una temporada emocionante, con 24 torneos en 16 pa\u00edses.El segundo evento de Premier Padel en Miami acercar\u00e1 el p\u00e1del profesional al p\u00fablico estadounidense, respaldado por el mejor jugador de p\u00e1del de todos los tiempos. Con partidos competitivos, precios de entradas accesibles y un ambiente exclusivo, din\u00e1mico y glamuroso, promete ser uno de los momentos destacados de la temporada mundial de p\u00e1del.","og_url":"https:\/\/www.miamipremierpadel.com\/es\/","og_site_name":"Miami Premier Padel P1","article_modified_time":"2026-02-13T13:52:34+00:00","og_image":[{"width":1200,"height":630,"url":"https:\/\/www.miamipremierpadel.com\/wp-content\/uploads\/2025\/02\/Locandina-1200x630-1-1.jpg","type":"image\/jpeg"}],"twitter_card":"summary_large_image","twitter_misc":{"Tiempo de lectura":"1 minuto"},"schema":{"@context":"https:\/\/schema.org","@graph":[{"@type":"WebPage","@id":"https:\/\/www.miamipremierpadel.com\/es\/","url":"https:\/\/www.miamipremierpadel.com\/es\/","name":"Miami Premier Padel P1 | 23 - 29 Marzo 2026","isPartOf":{"@id":"https:\/\/www.miamipremierpadel.com\/#website"},"primaryImageOfPage":{"@id":"https:\/\/www.miamipremierpadel.com\/es\/#primaryimage"},"image":{"@id":"https:\/\/www.miamipremierpadel.com\/es\/#primaryimage"},"thumbnailUrl":"https:\/\/www.miamipremierpadel.com\/wp-content\/uploads\/2026\/02\/MIAMI-P1-2026_official-poster_rev-724x1024-1.webp","datePublished":"2022-10-25T09:07:26+00:00","dateModified":"2026-02-13T13:52:34+00:00","description":"El mejor p\u00e1del profesional regresa a Estados Unidos por segunda edici\u00f3n exclusivamente con Premier Padel.El Miami Beach Convention Center (Miami, FL) acoger\u00e1 el segundo torneo en EE.UU. con Miami Premier Padel P1, que se celebrar\u00e1 del 23 al 29 de marzo de 2026.El calendario 2026 del Qatar Airways Premier Padel Tour promete una temporada emocionante, con 24 torneos en 16 pa\u00edses.El segundo evento de Premier Padel en Miami acercar\u00e1 el p\u00e1del profesional al p\u00fablico estadounidense, respaldado por el mejor jugador de p\u00e1del de todos los tiempos. Con partidos competitivos, precios de entradas accesibles y un ambiente exclusivo, din\u00e1mico y glamuroso, promete ser uno de los momentos destacados de la temporada mundial de p\u00e1del.","breadcrumb":{"@id":"https:\/\/www.miamipremierpadel.com\/es\/#breadcrumb"},"inLanguage":"es","potentialAction":[{"@type":"ReadAction","target":["https:\/\/www.miamipremierpadel.com\/es\/"]}]},{"@type":"ImageObject","inLanguage":"es","@id":"https:\/\/www.miamipremierpadel.com\/es\/#primaryimage","url":"https:\/\/www.miamipremierpadel.com\/wp-content\/uploads\/2026\/02\/MIAMI-P1-2026_official-poster_rev-724x1024-1.webp","contentUrl":"https:\/\/www.miamipremierpadel.com\/wp-content\/uploads\/2026\/02\/MIAMI-P1-2026_official-poster_rev-724x1024-1.webp","width":724,"height":1024},{"@type":"BreadcrumbList","@id":"https:\/\/www.miamipremierpadel.com\/es\/#breadcrumb","itemListElement":[{"@type":"ListItem","position":1,"name":"Home","item":"https:\/\/www.miamipremierpadel.com\/es\/"},{"@type":"ListItem","position":2,"name":"Home"}]},{"@type":"WebSite","@id":"https:\/\/www.miamipremierpadel.com\/#website","url":"https:\/\/www.miamipremierpadel.com\/","name":"Miami Premier Padel P1","description":"","publisher":{"@id":"https:\/\/www.miamipremierpadel.com\/#organization"},"potentialAction":[{"@type":"SearchAction","target":{"@type":"EntryPoint","urlTemplate":"https:\/\/www.miamipremierpadel.com\/?s={search_term_string}"},"query-input":{"@type":"PropertyValueSpecification","valueRequired":true,"valueName":"search_term_string"}}],"inLanguage":"es"},{"@type":"Organization","@id":"https:\/\/www.miamipremierpadel.com\/#organization","name":"Miami Premier Padel P1","url":"https:\/\/www.miamipremierpadel.com\/","logo":{"@type":"ImageObject","inLanguage":"es","@id":"https:\/\/www.miamipremierpadel.com\/#\/schema\/logo\/image\/","url":"https:\/\/www.miamipremierpadel.com\/wp-content\/uploads\/2026\/02\/Logo_MIAMIPP1.svg","contentUrl":"https:\/\/www.miamipremierpadel.com\/wp-content\/uploads\/2026\/02\/Logo_MIAMIPP1.svg","caption":"Miami Premier Padel P1"},"image":{"@id":"https:\/\/www.miamipremierpadel.com\/#\/schema\/logo\/image\/"}}]}},"_links":{"self":[{"href":"https:\/\/www.miamipremierpadel.com\/es\/wp-json\/wp\/v2\/pages\/17785","targetHints":{"allow":["GET"]}}],"collection":[{"href":"https:\/\/www.miamipremierpadel.com\/es\/wp-json\/wp\/v2\/pages"}],"about":[{"href":"https:\/\/www.miamipremierpadel.com\/es\/wp-json\/wp\/v2\/types\/page"}],"author":[{"embeddable":true,"href":"https:\/\/www.miamipremierpadel.com\/es\/wp-json\/wp\/v2\/users\/2"}],"replies":[{"embeddable":true,"href":"https:\/\/www.miamipremierpadel.com\/es\/wp-json\/wp\/v2\/comments?post=17785"}],"version-history":[{"count":10,"href":"https:\/\/www.miamipremierpadel.com\/es\/wp-json\/wp\/v2\/pages\/17785\/revisions"}],"predecessor-version":[{"id":20230,"href":"https:\/\/www.miamipremierpadel.com\/es\/wp-json\/wp\/v2\/pages\/17785\/revisions\/20230"}],"acf:attachment":[{"embeddable":true,"href":"https:\/\/www.miamipremierpadel.com\/es\/wp-json\/wp\/v2\/media\/20498"},{"embeddable":true,"href":"https:\/\/www.miamipremierpadel.com\/es\/wp-json\/wp\/v2\/media\/20562"},{"embeddable":true,"href":"https:\/\/www.miamipremierpadel.com\/es\/wp-json\/wp\/v2\/media\/20536"},{"embeddable":true,"href":"https:\/\/www.miamipremierpadel.com\/es\/wp-json\/wp\/v2\/media\/20458"}],"wp:featuredmedia":[{"embeddable":true,"href":"https:\/\/www.miamipremierpadel.com\/es\/wp-json\/wp\/v2\/media\/20169"}],"wp:attachment":[{"href":"https:\/\/www.miamipremierpadel.com\/es\/wp-json\/wp\/v2\/media?parent=17785"}],"curies":[{"name":"wp","href":"https:\/\/api.w.org\/{rel}","templated":true}]}}